{"id":10,"date":"2023-01-31T16:30:24","date_gmt":"2023-01-31T14:30:24","guid":{"rendered":"https:\/\/walletto.eu\/?page_id=10"},"modified":"2025-12-03T17:32:23","modified_gmt":"2025-12-03T15:32:23","slug":"payments","status":"publish","type":"page","link":"https:\/\/walletto.eu\/lt\/payments\/","title":{"rendered":"Mok\u0117jimai"},"content":{"rendered":"\n<div class=\"wp-block-contact-form-7-contact-form-selector\">\n<div class=\"wpcf7 no-js\" id=\"wpcf7-f2066-o1\" lang=\"en-US\" dir=\"ltr\" data-wpcf7-id=\"2066\">\n<div class=\"screen-reader-response\"><p role=\"status\" aria-live=\"polite\" aria-atomic=\"true\"><\/p> <ul><\/ul><\/div>\n<form action=\"\/lt\/wp-json\/wp\/v2\/pages\/10#wpcf7-f2066-o1\" method=\"post\" class=\"wpcf7-form init\" aria-label=\"Contact form\" novalidate=\"novalidate\" data-status=\"init\">\n<fieldset class=\"hidden-fields-container\"><input type=\"hidden\" name=\"_wpcf7\" value=\"2066\" \/><input type=\"hidden\" name=\"_wpcf7_version\" value=\"6.1.1\" \/><input type=\"hidden\" name=\"_wpcf7_locale\" value=\"en_US\" \/><input type=\"hidden\" name=\"_wpcf7_unit_tag\" value=\"wpcf7-f2066-o1\" \/><input type=\"hidden\" name=\"_wpcf7_container_post\" value=\"0\" \/><input type=\"hidden\" name=\"_wpcf7_posted_data_hash\" value=\"\" \/><input type=\"hidden\" name=\"_wpcf7cf_hidden_group_fields\" value=\"[]\" \/><input type=\"hidden\" name=\"_wpcf7cf_hidden_groups\" value=\"[]\" \/><input type=\"hidden\" name=\"_wpcf7cf_visible_groups\" value=\"[]\" \/><input type=\"hidden\" name=\"_wpcf7cf_repeaters\" value=\"[]\" \/><input type=\"hidden\" name=\"_wpcf7cf_steps\" value=\"[]\" \/><input type=\"hidden\" name=\"_wpcf7cf_options\" value=\"{&quot;form_id&quot;:2066,&quot;conditions&quot;:[],&quot;settings&quot;:{&quot;animation&quot;:&quot;yes&quot;,&quot;animation_intime&quot;:200,&quot;animation_outtime&quot;:200,&quot;conditions_ui&quot;:&quot;normal&quot;,&quot;notice_dismissed&quot;:false,&quot;notice_dismissed_rollback-cf7-6.1&quot;:true}}\" \/><input type=\"hidden\" name=\"lang\" value=\"lt\" \/>\n<\/fieldset>\n<div class=\"main-contacts-container\">\n\t<div class=\"form-contacts-iner\">\n\t\t<p><span class=\"wpcf7-form-control-wrap\" data-name=\"form-name\"><input size=\"40\" maxlength=\"400\" class=\"wpcf7-form-control wpcf7-text wpcf7-validates-as-required form-input-name contacts-input\" aria-required=\"true\" aria-invalid=\"false\" placeholder=\"Vardas\" value=\"\" type=\"text\" name=\"form-name\" \/><\/span><span class=\"wpcf7-form-control-wrap\" data-name=\"form-phone\"><input size=\"40\" maxlength=\"400\" class=\"wpcf7-form-control wpcf7-tel wpcf7-validates-as-required wpcf7-text wpcf7-validates-as-tel form-input-phone\" aria-required=\"true\" aria-invalid=\"false\" placeholder=\"Telefono nr.\" value=\"\" type=\"tel\" name=\"form-phone\" \/><\/span>\n\t\t<\/p>\n\t<\/div>\n\t<div class=\"form-contacts-iner\">\n\t\t<p><span class=\"wpcf7-form-control-wrap\" data-name=\"form-email\"><input size=\"40\" maxlength=\"400\" class=\"wpcf7-form-control wpcf7-email wpcf7-validates-as-required wpcf7-text wpcf7-validates-as-email form-input-email\" aria-required=\"true\" aria-invalid=\"false\" placeholder=\"El. pa\u0161tas\" value=\"\" type=\"email\" name=\"form-email\" \/><\/span><span class=\"wpcf7-form-control-wrap\" data-name=\"form-company-name\"><input size=\"40\" maxlength=\"400\" class=\"wpcf7-form-control wpcf7-text wpcf7-validates-as-required form-input-company-name\" aria-required=\"true\" aria-invalid=\"false\" placeholder=\"\u012emon\u0117s pavadinimas\" value=\"\" type=\"text\" name=\"form-company-name\" \/><\/span>\n\t\t<\/p>\n\t<\/div>\n\t<div class=\"form-contacts-iner\">\n\t\t<p><span class=\"wpcf7-form-control-wrap\" data-name=\"form-website\"><input size=\"40\" maxlength=\"400\" class=\"wpcf7-form-control wpcf7-text wpcf7-validates-as-required form-input-website\" aria-required=\"true\" aria-invalid=\"false\" placeholder=\"Svetain\u0117\" value=\"\" type=\"text\" name=\"form-website\" \/><\/span>\n\t\t<\/p>\n\t<\/div>\n<\/div>\n<div class=\"form-submit-container\">\n\t<p><input class=\"wpcf7-form-control wpcf7-submit has-spinner form-input-submit main-input-submit form-contacts-submit\" type=\"submit\" value=\"Susisiekti\" \/>\n\t<\/p>\n<\/div><p style=\"display: none !important;\" class=\"akismet-fields-container\" data-prefix=\"_wpcf7_ak_\"><label>&#916;<textarea name=\"_wpcf7_ak_hp_textarea\" cols=\"45\" rows=\"8\" maxlength=\"100\"><\/textarea><\/label><input type=\"hidden\" id=\"ak_js_1\" name=\"_wpcf7_ak_js\" value=\"72\"\/><script>document.getElementById( \"ak_js_1\" ).setAttribute( \"value\", ( new Date() ).getTime() );<\/script><\/p><div class=\"wpcf7-response-output\" aria-hidden=\"true\"><\/div>\n<\/form>\n<\/div>\n<\/div>\n","protected":false},"excerpt":{"rendered":"","protected":false},"author":1,"featured_media":0,"parent":0,"menu_order":0,"comment_status":"closed","ping_status":"closed","template":"templates\/page-payments.php","meta":{"_acf_changed":false,"inline_featured_image":false,"footnotes":""},"class_list":["post-10","page","type-page","status-publish","hentry"],"acf":[],"yoast_head":"<!-- This site is optimized with the Yoast SEO plugin v25.5 - https:\/\/yoast.com\/wordpress\/plugins\/seo\/ -->\n<title>Mok\u0117jim\u0173 sprendimai verslui \u2014 Walletto<\/title>\n<meta name=\"description\" content=\"Visapusi\u0161ka pagalba atidarant IBAN s\u0105skait\u0105. Walletto paslaugos gr\u012fstos profesionalumu, konfidencialumu ir asmeni\u0161kai jums skiriamu d\u0117mesiu.\" \/>\n<meta name=\"robots\" content=\"index, follow, max-snippet:-1, max-image-preview:large, max-video-preview:-1\" \/>\n<link rel=\"canonical\" href=\"https:\/\/walletto.eu\/lt\/payments\/\" \/>\n<meta property=\"og:locale\" content=\"lt_LT\" \/>\n<meta property=\"og:locale:alternate\" content=\"en_US\" \/>\n<meta property=\"og:type\" content=\"article\" \/>\n<meta property=\"og:title\" content=\"Mok\u0117jim\u0173 sprendimai verslui \u2014 Walletto\" \/>\n<meta property=\"og:description\" content=\"Visapusi\u0161ka pagalba atidarant IBAN s\u0105skait\u0105. Walletto paslaugos gr\u012fstos profesionalumu, konfidencialumu ir asmeni\u0161kai jums skiriamu d\u0117mesiu.\" \/>\n<meta property=\"og:url\" content=\"https:\/\/walletto.eu\/lt\/payments\/\" \/>\n<meta property=\"og:site_name\" content=\"Walletto\" \/>\n<meta property=\"article:modified_time\" content=\"2025-12-03T15:32:23+00:00\" \/>\n<meta property=\"og:image\" content=\"https:\/\/walletto.eu\/wp-content\/uploads\/2025\/04\/logo_1200x630.webp\" \/>\n\t<meta property=\"og:image:width\" content=\"994\" \/>\n\t<meta property=\"og:image:height\" content=\"522\" \/>\n\t<meta property=\"og:image:type\" content=\"image\/png\" \/>\n<meta name=\"twitter:card\" content=\"summary_large_image\" \/>\n<meta name=\"twitter:label1\" content=\"Est. reading time\" \/>\n\t<meta name=\"twitter:data1\" content=\"1 minut\u0117\" \/>\n<script type=\"application\/ld+json\" class=\"yoast-schema-graph\">{\"@context\":\"https:\/\/schema.org\",\"@graph\":[{\"@type\":\"WebPage\",\"@id\":\"https:\/\/walletto.eu\/payments\/\",\"url\":\"https:\/\/walletto.eu\/payments\/\",\"name\":\"Mok\u0117jim\u0173 sprendimai verslui \u2014 Walletto\",\"isPartOf\":{\"@id\":\"https:\/\/walletto.eu\/#website\"},\"datePublished\":\"2023-01-31T14:30:24+00:00\",\"dateModified\":\"2025-12-03T15:32:23+00:00\",\"description\":\"Visapusi\u0161ka pagalba atidarant IBAN s\u0105skait\u0105. Walletto paslaugos gr\u012fstos profesionalumu, konfidencialumu ir asmeni\u0161kai jums skiriamu d\u0117mesiu.\",\"breadcrumb\":{\"@id\":\"https:\/\/walletto.eu\/payments\/#breadcrumb\"},\"inLanguage\":\"lt\",\"potentialAction\":[{\"@type\":\"ReadAction\",\"target\":[\"https:\/\/walletto.eu\/payments\/\"]}]},{\"@type\":\"BreadcrumbList\",\"@id\":\"https:\/\/walletto.eu\/payments\/#breadcrumb\",\"itemListElement\":[{\"@type\":\"ListItem\",\"position\":1,\"name\":\"Home\",\"item\":\"https:\/\/walletto.eu\/lt\/\"},{\"@type\":\"ListItem\",\"position\":2,\"name\":\"Payments\"}]},{\"@type\":\"WebSite\",\"@id\":\"https:\/\/walletto.eu\/#website\",\"url\":\"https:\/\/walletto.eu\/\",\"name\":\"Walletto\",\"description\":\"Walletto provides e-commerce acquiring, payment cards issuing and payment services\",\"potentialAction\":[{\"@type\":\"SearchAction\",\"target\":{\"@type\":\"EntryPoint\",\"urlTemplate\":\"https:\/\/walletto.eu\/?s={search_term_string}\"},\"query-input\":{\"@type\":\"PropertyValueSpecification\",\"valueRequired\":true,\"valueName\":\"search_term_string\"}}],\"inLanguage\":\"lt\"}]}<\/script>\n<!-- \/ Yoast SEO plugin. -->","yoast_head_json":{"title":"Mok\u0117jim\u0173 sprendimai verslui \u2014 Walletto","description":"Visapusi\u0161ka pagalba atidarant IBAN s\u0105skait\u0105. Walletto paslaugos gr\u012fstos profesionalumu, konfidencialumu ir asmeni\u0161kai jums skiriamu d\u0117mesiu.","robots":{"index":"index","follow":"follow","max-snippet":"max-snippet:-1","max-image-preview":"max-image-preview:large","max-video-preview":"max-video-preview:-1"},"canonical":"https:\/\/walletto.eu\/lt\/payments\/","og_locale":"lt_LT","og_type":"article","og_title":"[:en]Payments Solutions for Businesses \u2014 Walletto[:lt]Mok\u0117jim\u0173 sprendimai verslui \u2014 Walletto[:]","og_description":"[:en]Walletto provides secure and scalable payment solutions for businesses. Accept global transactions with fast settlements.[:lt]Visapusi\u0161ka pagalba atidarant IBAN s\u0105skait\u0105. Walletto paslaugos gr\u012fstos profesionalumu, konfidencialumu ir asmeni\u0161kai jums skiriamu d\u0117mesiu.[:]","og_url":"https:\/\/walletto.eu\/lt\/payments\/","og_site_name":"Walletto","article_modified_time":"2025-12-03T15:32:23+00:00","og_image":[{"width":994,"height":522,"url":"https:\/\/walletto.eu\/wp-content\/uploads\/2025\/04\/logo_1200x630.webp","type":"image\/png"}],"twitter_card":"summary_large_image","twitter_misc":{"Est. reading time":"1 minut\u0117"},"schema":{"@context":"https:\/\/schema.org","@graph":[{"@type":"WebPage","@id":"https:\/\/walletto.eu\/payments\/","url":"https:\/\/walletto.eu\/payments\/","name":"Mok\u0117jim\u0173 sprendimai verslui \u2014 Walletto","isPartOf":{"@id":"https:\/\/walletto.eu\/#website"},"datePublished":"2023-01-31T14:30:24+00:00","dateModified":"2025-12-03T15:32:23+00:00","description":"Visapusi\u0161ka pagalba atidarant IBAN s\u0105skait\u0105. Walletto paslaugos gr\u012fstos profesionalumu, konfidencialumu ir asmeni\u0161kai jums skiriamu d\u0117mesiu.","breadcrumb":{"@id":"https:\/\/walletto.eu\/payments\/#breadcrumb"},"inLanguage":"lt","potentialAction":[{"@type":"ReadAction","target":["https:\/\/walletto.eu\/payments\/"]}]},{"@type":"BreadcrumbList","@id":"https:\/\/walletto.eu\/payments\/#breadcrumb","itemListElement":[{"@type":"ListItem","position":1,"name":"Home","item":"https:\/\/walletto.eu\/lt\/"},{"@type":"ListItem","position":2,"name":"Payments"}]},{"@type":"WebSite","@id":"https:\/\/walletto.eu\/#website","url":"https:\/\/walletto.eu\/","name":"Walletto","description":"Walletto provides e-commerce acquiring, payment cards issuing and payment services","potentialAction":[{"@type":"SearchAction","target":{"@type":"EntryPoint","urlTemplate":"https:\/\/walletto.eu\/?s={search_term_string}"},"query-input":{"@type":"PropertyValueSpecification","valueRequired":true,"valueName":"search_term_string"}}],"inLanguage":"lt"}]}},"_links":{"self":[{"href":"https:\/\/walletto.eu\/lt\/wp-json\/wp\/v2\/pages\/10","targetHints":{"allow":["GET"]}}],"collection":[{"href":"https:\/\/walletto.eu\/lt\/wp-json\/wp\/v2\/pages"}],"about":[{"href":"https:\/\/walletto.eu\/lt\/wp-json\/wp\/v2\/types\/page"}],"author":[{"embeddable":true,"href":"https:\/\/walletto.eu\/lt\/wp-json\/wp\/v2\/users\/1"}],"replies":[{"embeddable":true,"href":"https:\/\/walletto.eu\/lt\/wp-json\/wp\/v2\/comments?post=10"}],"version-history":[{"count":3,"href":"https:\/\/walletto.eu\/lt\/wp-json\/wp\/v2\/pages\/10\/revisions"}],"predecessor-version":[{"id":90176,"href":"https:\/\/walletto.eu\/lt\/wp-json\/wp\/v2\/pages\/10\/revisions\/90176"}],"wp:attachment":[{"href":"https:\/\/walletto.eu\/lt\/wp-json\/wp\/v2\/media?parent=10"}],"curies":[{"name":"wp","href":"https:\/\/api.w.org\/{rel}","templated":true}]}}