{"id":11605,"date":"2023-09-29T12:38:32","date_gmt":"2023-09-29T10:38:32","guid":{"rendered":"https:\/\/walletto.eu\/?page_id=11605"},"modified":"2025-12-03T17:36:46","modified_gmt":"2025-12-03T15:36:46","slug":"pre-check-acquiring","status":"publish","type":"page","link":"https:\/\/walletto.eu\/lt\/pre-check-acquiring\/","title":{"rendered":"Pre-Check Acquiring"},"content":{"rendered":"\n<div class=\"wpcf7 no-js\" id=\"wpcf7-f11614-o1\" lang=\"en-US\" dir=\"ltr\" data-wpcf7-id=\"11614\">\n<div class=\"screen-reader-response\"><p role=\"status\" aria-live=\"polite\" aria-atomic=\"true\"><\/p> <ul><\/ul><\/div>\n<form action=\"\/lt\/wp-json\/wp\/v2\/pages\/11605#wpcf7-f11614-o1\" method=\"post\" class=\"wpcf7-form init\" aria-label=\"Contact form\" novalidate=\"novalidate\" data-status=\"init\">\n<fieldset class=\"hidden-fields-container\"><input type=\"hidden\" name=\"_wpcf7\" value=\"11614\" \/><input type=\"hidden\" name=\"_wpcf7_version\" value=\"6.1.1\" \/><input type=\"hidden\" name=\"_wpcf7_locale\" value=\"en_US\" \/><input type=\"hidden\" name=\"_wpcf7_unit_tag\" value=\"wpcf7-f11614-o1\" \/><input type=\"hidden\" name=\"_wpcf7_container_post\" value=\"0\" \/><input type=\"hidden\" name=\"_wpcf7_posted_data_hash\" value=\"\" \/><input type=\"hidden\" name=\"_wpcf7cf_hidden_group_fields\" value=\"[]\" \/><input type=\"hidden\" name=\"_wpcf7cf_hidden_groups\" value=\"[]\" \/><input type=\"hidden\" name=\"_wpcf7cf_visible_groups\" value=\"[]\" \/><input type=\"hidden\" name=\"_wpcf7cf_repeaters\" value=\"[]\" \/><input type=\"hidden\" name=\"_wpcf7cf_steps\" value=\"[]\" \/><input type=\"hidden\" name=\"_wpcf7cf_options\" value=\"{&quot;form_id&quot;:11614,&quot;conditions&quot;:[],&quot;settings&quot;:{&quot;animation&quot;:&quot;yes&quot;,&quot;animation_intime&quot;:200,&quot;animation_outtime&quot;:200,&quot;conditions_ui&quot;:&quot;normal&quot;,&quot;notice_dismissed&quot;:false,&quot;notice_dismissed_rollback-cf7-6.1&quot;:true}}\" \/><input type=\"hidden\" name=\"lang\" value=\"lt\" \/>\n<\/fieldset>\n<div class=\"terms-page-iner f18-140 grey-medium terms-page-iner-expo\">\n\t<div class=\"form-popup-form-iner form-exh-form-iner\">\n\t\t<div class=\"terms-page-item pre-check-page-item\">\n\t\t\t<h3>Information about your EU-based e-shop\n\t\t\t<\/h3>\n\t\t\t<p><label for=\"pre-check-company-name\">Company Name*<\/label><span class=\"wpcf7-form-control-wrap\" data-name=\"pre-check-company-name\"><input size=\"40\" maxlength=\"400\" class=\"wpcf7-form-control wpcf7-text wpcf7-validates-as-required form-popup-item\" aria-required=\"true\" aria-invalid=\"false\" value=\"\" type=\"text\" name=\"pre-check-company-name\" \/><\/span><br \/>\n<label for=\"pre-check-reg-nr\">Registration No.*<\/label><span class=\"wpcf7-form-control-wrap\" data-name=\"pre-check-reg-nr\"><input size=\"40\" maxlength=\"400\" class=\"wpcf7-form-control wpcf7-text wpcf7-validates-as-required form-popup-item\" aria-required=\"true\" aria-invalid=\"false\" value=\"\" type=\"text\" name=\"pre-check-reg-nr\" \/><\/span><br \/>\n<label for=\"pre-check-nace\">Industry NACE code (<a href=\"https:\/\/nacev2.com\/en\" target=\"_blank\">list of NACE code<\/a>)<\/label><span class=\"wpcf7-form-control-wrap\" data-name=\"pre-check-nace\"><input size=\"40\" maxlength=\"400\" class=\"wpcf7-form-control wpcf7-text form-popup-item\" aria-invalid=\"false\" value=\"\" type=\"text\" name=\"pre-check-nace\" \/><\/span><br \/>\n<label for=\"pre-check-license\">License (if required)<\/label><span class=\"wpcf7-form-control-wrap\" data-name=\"pre-check-license\"><input size=\"40\" maxlength=\"400\" class=\"wpcf7-form-control wpcf7-text form-popup-item\" aria-invalid=\"false\" value=\"\" type=\"text\" name=\"pre-check-license\" \/><\/span><br \/>\n<label for=\"pre-check-reg-adr\">Registration address*<\/label><span class=\"wpcf7-form-control-wrap\" data-name=\"pre-check-reg-adr\"><input size=\"40\" maxlength=\"400\" class=\"wpcf7-form-control wpcf7-text wpcf7-validates-as-required form-popup-item\" aria-required=\"true\" aria-invalid=\"false\" value=\"\" type=\"text\" name=\"pre-check-reg-adr\" \/><\/span><br \/>\n<label for=\"pre-check-act-adr\">Actual business address of the company*<\/label><span class=\"wpcf7-form-control-wrap\" data-name=\"pre-check-act-adr\"><input size=\"40\" maxlength=\"400\" class=\"wpcf7-form-control wpcf7-text wpcf7-validates-as-required form-popup-item\" aria-required=\"true\" aria-invalid=\"false\" value=\"\" type=\"text\" name=\"pre-check-act-adr\" \/><\/span><br \/>\n<label for=\"pre-check-owner\">Ultimate beneficial owner (name, surname)* (if there are several UBO`s, indicate them separated by commas)<\/label><span class=\"wpcf7-form-control-wrap\" data-name=\"pre-check-owner\"><input size=\"40\" maxlength=\"400\" class=\"wpcf7-form-control wpcf7-text wpcf7-validates-as-required form-popup-item\" aria-required=\"true\" aria-invalid=\"false\" value=\"\" type=\"text\" name=\"pre-check-owner\" \/><\/span><br \/>\n<label for=\"pre-check-passport-is-owner\">Ultimate beneficial owner passport issuing country*<\/label><span class=\"wpcf7-form-control-wrap\" data-name=\"pre-check-passport-is-owner\"><input size=\"40\" maxlength=\"400\" class=\"wpcf7-form-control wpcf7-text wpcf7-validates-as-required form-popup-item\" aria-required=\"true\" aria-invalid=\"false\" value=\"\" type=\"text\" name=\"pre-check-passport-is-owner\" \/><\/span><br \/>\n<label for=\"pre-check-director\">Director (name, surname)*<\/label><span class=\"wpcf7-form-control-wrap\" data-name=\"pre-check-director\"><input size=\"40\" maxlength=\"400\" class=\"wpcf7-form-control wpcf7-text wpcf7-validates-as-required form-popup-item\" aria-required=\"true\" aria-invalid=\"false\" value=\"\" type=\"text\" name=\"pre-check-director\" \/><\/span><br \/>\n<label for=\"pre-check-passport-is-director\">Director passport issuing country*<\/label><span class=\"wpcf7-form-control-wrap\" data-name=\"pre-check-passport-is-director\"><input size=\"40\" maxlength=\"400\" class=\"wpcf7-form-control wpcf7-text wpcf7-validates-as-required form-popup-item\" aria-required=\"true\" aria-invalid=\"false\" value=\"\" type=\"text\" name=\"pre-check-passport-is-director\" \/><\/span><br \/>\n<label for=\"pre-check-email\">Contact email address*<\/label><span class=\"wpcf7-form-control-wrap\" data-name=\"pre-check-email\"><input size=\"40\" maxlength=\"400\" class=\"wpcf7-form-control wpcf7-email wpcf7-validates-as-required wpcf7-text wpcf7-validates-as-email form-popup-item\" aria-required=\"true\" aria-invalid=\"false\" value=\"\" type=\"email\" name=\"pre-check-email\" \/><\/span><br \/>\n<label for=\"pre-check-phone\">Phone number*<\/label><span class=\"wpcf7-form-control-wrap\" data-name=\"pre-check-phone\"><input size=\"40\" maxlength=\"400\" class=\"wpcf7-form-control wpcf7-email wpcf7-validates-as-required wpcf7-text wpcf7-validates-as-email form-popup-item\" aria-required=\"true\" aria-invalid=\"false\" value=\"\" type=\"email\" name=\"pre-check-phone\" \/><\/span><br \/>\n<label for=\"pre-check-web\">Website*<\/label><span class=\"wpcf7-form-control-wrap\" data-name=\"pre-check-web\"><input size=\"40\" maxlength=\"400\" class=\"wpcf7-form-control wpcf7-text wpcf7-validates-as-required form-popup-item\" aria-required=\"true\" aria-invalid=\"false\" value=\"\" type=\"text\" name=\"pre-check-web\" \/><\/span><br \/>\n<label for=\"pre-check-turnm\">Turnover per month*<\/label><span class=\"wpcf7-form-control-wrap\" data-name=\"pre-check-turnm\"><input size=\"40\" maxlength=\"400\" class=\"wpcf7-form-control wpcf7-text wpcf7-validates-as-required form-popup-item\" aria-required=\"true\" aria-invalid=\"false\" value=\"\" type=\"text\" name=\"pre-check-turnm\" \/><\/span><br \/>\n<label for=\"pre-check-test-acc\">Test account (login and password)<\/label><span class=\"wpcf7-form-control-wrap\" data-name=\"pre-check-test-acc\"><input size=\"40\" maxlength=\"400\" class=\"wpcf7-form-control wpcf7-text form-popup-item\" aria-invalid=\"false\" value=\"\" type=\"text\" name=\"pre-check-test-acc\" \/><\/span><br \/>\n<label for=\"pre-check-buss-descr\">Business description*<\/label><span class=\"wpcf7-form-control-wrap\" data-name=\"pre-check-buss-descr\"><textarea cols=\"40\" rows=\"10\" maxlength=\"2000\" class=\"wpcf7-form-control wpcf7-textarea wpcf7-validates-as-required form-popup-item form-exh-item-textarea form-exh-item-textarea-mt\" aria-required=\"true\" aria-invalid=\"false\" name=\"pre-check-buss-descr\"><\/textarea><\/span>\n\t\t\t<\/p>\n\t\t\t<div class=\"exh-submit-container\">\n\t\t\t\t<p><input class=\"wpcf7-form-control wpcf7-submit has-spinner form-popup-item-submit form-popup-item\" type=\"submit\" value=\"Submit\" \/>\n\t\t\t\t<\/p>\n\t\t\t<\/div>\n\t\t\t<div style=\"margin-top:28px;\">\n\t\t\t\t<p>*mandatory field\n\t\t\t\t<\/p>\n\t\t\t<\/div>\n\t\t<\/div>\n\t<\/div>\n<\/div><p style=\"display: none !important;\" class=\"akismet-fields-container\" data-prefix=\"_wpcf7_ak_\"><label>&#916;<textarea name=\"_wpcf7_ak_hp_textarea\" cols=\"45\" rows=\"8\" maxlength=\"100\"><\/textarea><\/label><input type=\"hidden\" id=\"ak_js_1\" name=\"_wpcf7_ak_js\" value=\"141\"\/><script>document.getElementById( \"ak_js_1\" ).setAttribute( \"value\", ( new Date() ).getTime() );<\/script><\/p><div class=\"wpcf7-response-output\" aria-hidden=\"true\"><\/div>\n<\/form>\n<\/div>\n\n","protected":false},"excerpt":{"rendered":"","protected":false},"author":1,"featured_media":0,"parent":0,"menu_order":0,"comment_status":"closed","ping_status":"closed","template":"","meta":{"_acf_changed":false,"inline_featured_image":false,"footnotes":""},"class_list":["post-11605","page","type-page","status-publish","hentry"],"acf":[],"yoast_head":"<!-- This site is optimized with the Yoast SEO plugin v25.5 - https:\/\/yoast.com\/wordpress\/plugins\/seo\/ -->\n<title>Pre-check acquiring sprendimas prekybininkams \u2014 Walletto<\/title>\n<meta name=\"description\" content=\"Walletto si\u016blo pre-check acquiring sprendim\u0105 prekybininkams prie\u0161 \u012fjungiant mok\u0117jimus. Greitas patvirtinimas.\" \/>\n<meta name=\"robots\" content=\"index, follow, max-snippet:-1, max-image-preview:large, max-video-preview:-1\" \/>\n<link rel=\"canonical\" href=\"https:\/\/walletto.eu\/lt\/pre-check-acquiring\/\" \/>\n<meta property=\"og:locale\" content=\"lt_LT\" \/>\n<meta property=\"og:locale:alternate\" content=\"en_US\" \/>\n<meta property=\"og:type\" content=\"article\" \/>\n<meta property=\"og:title\" content=\"Pre-check acquiring sprendimas prekybininkams \u2014 Walletto\" \/>\n<meta property=\"og:description\" content=\"Walletto si\u016blo pre-check acquiring sprendim\u0105 prekybininkams prie\u0161 \u012fjungiant mok\u0117jimus. Greitas patvirtinimas.\" \/>\n<meta property=\"og:url\" content=\"https:\/\/walletto.eu\/lt\/pre-check-acquiring\/\" \/>\n<meta property=\"og:site_name\" content=\"Walletto\" \/>\n<meta property=\"article:modified_time\" content=\"2025-12-03T15:36:46+00:00\" \/>\n<meta property=\"og:image\" content=\"https:\/\/walletto.eu\/wp-content\/uploads\/2025\/04\/logo_1200x630.webp\" \/>\n\t<meta property=\"og:image:width\" content=\"994\" \/>\n\t<meta property=\"og:image:height\" content=\"522\" \/>\n\t<meta property=\"og:image:type\" content=\"image\/png\" \/>\n<meta name=\"twitter:card\" content=\"summary_large_image\" \/>\n<meta name=\"twitter:label1\" content=\"Est. reading time\" \/>\n\t<meta name=\"twitter:data1\" content=\"1 minut\u0117\" \/>\n<script type=\"application\/ld+json\" class=\"yoast-schema-graph\">{\"@context\":\"https:\/\/schema.org\",\"@graph\":[{\"@type\":\"WebPage\",\"@id\":\"https:\/\/walletto.eu\/pre-check-acquiring\/\",\"url\":\"https:\/\/walletto.eu\/pre-check-acquiring\/\",\"name\":\"Pre-check acquiring sprendimas prekybininkams \u2014 Walletto\",\"isPartOf\":{\"@id\":\"https:\/\/walletto.eu\/#website\"},\"datePublished\":\"2023-09-29T10:38:32+00:00\",\"dateModified\":\"2025-12-03T15:36:46+00:00\",\"description\":\"Walletto si\u016blo pre-check acquiring sprendim\u0105 prekybininkams prie\u0161 \u012fjungiant mok\u0117jimus. Greitas patvirtinimas.\",\"breadcrumb\":{\"@id\":\"https:\/\/walletto.eu\/pre-check-acquiring\/#breadcrumb\"},\"inLanguage\":\"lt\",\"potentialAction\":[{\"@type\":\"ReadAction\",\"target\":[\"https:\/\/walletto.eu\/pre-check-acquiring\/\"]}]},{\"@type\":\"BreadcrumbList\",\"@id\":\"https:\/\/walletto.eu\/pre-check-acquiring\/#breadcrumb\",\"itemListElement\":[{\"@type\":\"ListItem\",\"position\":1,\"name\":\"Home\",\"item\":\"https:\/\/walletto.eu\/lt\/\"},{\"@type\":\"ListItem\",\"position\":2,\"name\":\"Pre-Check Acquiring\"}]},{\"@type\":\"WebSite\",\"@id\":\"https:\/\/walletto.eu\/#website\",\"url\":\"https:\/\/walletto.eu\/\",\"name\":\"Walletto\",\"description\":\"Walletto provides e-commerce acquiring, payment cards issuing and payment services\",\"potentialAction\":[{\"@type\":\"SearchAction\",\"target\":{\"@type\":\"EntryPoint\",\"urlTemplate\":\"https:\/\/walletto.eu\/?s={search_term_string}\"},\"query-input\":{\"@type\":\"PropertyValueSpecification\",\"valueRequired\":true,\"valueName\":\"search_term_string\"}}],\"inLanguage\":\"lt\"}]}<\/script>\n<!-- \/ Yoast SEO plugin. -->","yoast_head_json":{"title":"Pre-check acquiring sprendimas prekybininkams \u2014 Walletto","description":"Walletto si\u016blo pre-check acquiring sprendim\u0105 prekybininkams prie\u0161 \u012fjungiant mok\u0117jimus. Greitas patvirtinimas.","robots":{"index":"index","follow":"follow","max-snippet":"max-snippet:-1","max-image-preview":"max-image-preview:large","max-video-preview":"max-video-preview:-1"},"canonical":"https:\/\/walletto.eu\/lt\/pre-check-acquiring\/","og_locale":"lt_LT","og_type":"article","og_title":"[:en]Pre-Check Acquiring for Merchants \u2014 Walletto[:lt]Pre-check acquiring sprendimas prekybininkams \u2014 Walletto[:]","og_description":"[:en]Walletto offers pre-check acquiring to evaluate merchants before onboarding. Ensure secure and compliant payment.[:lt]Walletto si\u016blo pre-check acquiring sprendim\u0105 prekybininkams prie\u0161 \u012fjungiant mok\u0117jimus. Greitas patvirtinimas.[:]","og_url":"https:\/\/walletto.eu\/lt\/pre-check-acquiring\/","og_site_name":"Walletto","article_modified_time":"2025-12-03T15:36:46+00:00","og_image":[{"width":994,"height":522,"url":"https:\/\/walletto.eu\/wp-content\/uploads\/2025\/04\/logo_1200x630.webp","type":"image\/png"}],"twitter_card":"summary_large_image","twitter_misc":{"Est. reading time":"1 minut\u0117"},"schema":{"@context":"https:\/\/schema.org","@graph":[{"@type":"WebPage","@id":"https:\/\/walletto.eu\/pre-check-acquiring\/","url":"https:\/\/walletto.eu\/pre-check-acquiring\/","name":"Pre-check acquiring sprendimas prekybininkams \u2014 Walletto","isPartOf":{"@id":"https:\/\/walletto.eu\/#website"},"datePublished":"2023-09-29T10:38:32+00:00","dateModified":"2025-12-03T15:36:46+00:00","description":"Walletto si\u016blo pre-check acquiring sprendim\u0105 prekybininkams prie\u0161 \u012fjungiant mok\u0117jimus. Greitas patvirtinimas.","breadcrumb":{"@id":"https:\/\/walletto.eu\/pre-check-acquiring\/#breadcrumb"},"inLanguage":"lt","potentialAction":[{"@type":"ReadAction","target":["https:\/\/walletto.eu\/pre-check-acquiring\/"]}]},{"@type":"BreadcrumbList","@id":"https:\/\/walletto.eu\/pre-check-acquiring\/#breadcrumb","itemListElement":[{"@type":"ListItem","position":1,"name":"Home","item":"https:\/\/walletto.eu\/lt\/"},{"@type":"ListItem","position":2,"name":"Pre-Check Acquiring"}]},{"@type":"WebSite","@id":"https:\/\/walletto.eu\/#website","url":"https:\/\/walletto.eu\/","name":"Walletto","description":"Walletto provides e-commerce acquiring, payment cards issuing and payment services","potentialAction":[{"@type":"SearchAction","target":{"@type":"EntryPoint","urlTemplate":"https:\/\/walletto.eu\/?s={search_term_string}"},"query-input":{"@type":"PropertyValueSpecification","valueRequired":true,"valueName":"search_term_string"}}],"inLanguage":"lt"}]}},"_links":{"self":[{"href":"https:\/\/walletto.eu\/lt\/wp-json\/wp\/v2\/pages\/11605","targetHints":{"allow":["GET"]}}],"collection":[{"href":"https:\/\/walletto.eu\/lt\/wp-json\/wp\/v2\/pages"}],"about":[{"href":"https:\/\/walletto.eu\/lt\/wp-json\/wp\/v2\/types\/page"}],"author":[{"embeddable":true,"href":"https:\/\/walletto.eu\/lt\/wp-json\/wp\/v2\/users\/1"}],"replies":[{"embeddable":true,"href":"https:\/\/walletto.eu\/lt\/wp-json\/wp\/v2\/comments?post=11605"}],"version-history":[{"count":1,"href":"https:\/\/walletto.eu\/lt\/wp-json\/wp\/v2\/pages\/11605\/revisions"}],"predecessor-version":[{"id":86624,"href":"https:\/\/walletto.eu\/lt\/wp-json\/wp\/v2\/pages\/11605\/revisions\/86624"}],"wp:attachment":[{"href":"https:\/\/walletto.eu\/lt\/wp-json\/wp\/v2\/media?parent=11605"}],"curies":[{"name":"wp","href":"https:\/\/api.w.org\/{rel}","templated":true}]}}