{"id":116950,"date":"2025-07-25T10:35:00","date_gmt":"2025-07-25T08:35:00","guid":{"rendered":"https:\/\/walletto.eu\/?page_id=116950"},"modified":"2026-03-27T09:48:16","modified_gmt":"2026-03-27T07:48:16","slug":"mass-payments","status":"publish","type":"page","link":"https:\/\/walletto.eu\/lt\/mass-payments\/","title":{"rendered":"Mass Payments"},"content":{"rendered":"\n<div class=\"wp-block-contact-form-7-contact-form-selector\">\n<div class=\"wpcf7 no-js\" id=\"wpcf7-f116845-o1\" lang=\"en-US\" dir=\"ltr\" data-wpcf7-id=\"116845\">\n<div class=\"screen-reader-response\"><p role=\"status\" aria-live=\"polite\" aria-atomic=\"true\"><\/p> <ul><\/ul><\/div>\n<form action=\"\/lt\/wp-json\/wp\/v2\/pages\/116950#wpcf7-f116845-o1\" method=\"post\" class=\"wpcf7-form init\" aria-label=\"Contact form\" novalidate=\"novalidate\" data-status=\"init\">\n<fieldset class=\"hidden-fields-container\"><input type=\"hidden\" name=\"_wpcf7\" value=\"116845\" \/><input type=\"hidden\" name=\"_wpcf7_version\" value=\"6.1.1\" \/><input type=\"hidden\" name=\"_wpcf7_locale\" value=\"en_US\" \/><input type=\"hidden\" name=\"_wpcf7_unit_tag\" value=\"wpcf7-f116845-o1\" \/><input type=\"hidden\" name=\"_wpcf7_container_post\" value=\"0\" \/><input type=\"hidden\" name=\"_wpcf7_posted_data_hash\" value=\"\" \/><input type=\"hidden\" name=\"_wpcf7cf_hidden_group_fields\" value=\"[]\" \/><input type=\"hidden\" name=\"_wpcf7cf_hidden_groups\" value=\"[]\" \/><input type=\"hidden\" name=\"_wpcf7cf_visible_groups\" value=\"[]\" \/><input type=\"hidden\" name=\"_wpcf7cf_repeaters\" value=\"[]\" \/><input type=\"hidden\" name=\"_wpcf7cf_steps\" value=\"[]\" \/><input type=\"hidden\" name=\"_wpcf7cf_options\" value=\"{&quot;form_id&quot;:116845,&quot;conditions&quot;:[],&quot;settings&quot;:{&quot;animation&quot;:&quot;yes&quot;,&quot;animation_intime&quot;:200,&quot;animation_outtime&quot;:200,&quot;conditions_ui&quot;:&quot;normal&quot;,&quot;notice_dismissed&quot;:false,&quot;notice_dismissed_rollback-cf7-6.1&quot;:true}}\" \/><input type=\"hidden\" name=\"lang\" value=\"lt\" \/>\n<\/fieldset>\n<div class=\"main-13-contact-form-items\">\n\t<div class=\"main-13-contact-form--items main-13-contact-form--items-1\">\n\t\t<div class=\"main-13-crypto-item\">\n\t\t\t<p><label for=\"name-first\">First name <span class=\"required\">*<\/span><\/label><br \/>\n<span class=\"wpcf7-form-control-wrap\" data-name=\"name-first\"><input size=\"40\" maxlength=\"400\" class=\"wpcf7-form-control wpcf7-text wpcf7-validates-as-required main-13-crypto-item-input\" aria-required=\"true\" aria-invalid=\"false\" placeholder=\"First name\" value=\"\" type=\"text\" name=\"name-first\" \/><\/span>\n\t\t\t<\/p>\n\t\t<\/div>\n\t\t<div class=\"main-13-crypto-item\">\n\t\t\t<p><label for=\"tel\">Phone number<\/label><br \/>\n<span class=\"wpcf7-form-control-wrap\" data-name=\"tel\"><input size=\"40\" maxlength=\"400\" class=\"wpcf7-form-control wpcf7-tel wpcf7-text wpcf7-validates-as-tel main-13-crypto-item-input\" aria-invalid=\"false\" placeholder=\"+1 (555) 000-0000\" value=\"\" type=\"tel\" name=\"tel\" \/><\/span>\n\t\t\t<\/p>\n\t\t<\/div>\n\t<\/div>\n\t<div class=\"main-13-contact-form--items main-13-contact-form--items-2\">\n\t\t<div class=\"main-13-crypto-item\">\n\t\t\t<p><label for=\"email\">Business Email <span class=\"required\">*<\/span><\/label><br \/>\n<span class=\"wpcf7-form-control-wrap\" data-name=\"email\"><input size=\"40\" maxlength=\"400\" class=\"wpcf7-form-control wpcf7-email wpcf7-validates-as-required wpcf7-text wpcf7-validates-as-email main-13-crypto-item-input\" aria-required=\"true\" aria-invalid=\"false\" placeholder=\"Business Email\" value=\"\" type=\"email\" name=\"email\" \/><\/span>\n\t\t\t<\/p>\n\t\t<\/div>\n\t\t<div class=\"main-13-crypto-item\">\n\t\t\t<p><label for=\"company-name\">Company name <span class=\"required\">*<\/span><\/label><br \/>\n<span class=\"wpcf7-form-control-wrap\" data-name=\"company-name\"><input size=\"40\" maxlength=\"400\" class=\"wpcf7-form-control wpcf7-text wpcf7-validates-as-required main-13-crypto-item-input\" aria-required=\"true\" aria-invalid=\"false\" placeholder=\"Company name\" value=\"\" type=\"text\" name=\"company-name\" \/><\/span>\n\t\t\t<\/p>\n\t\t<\/div>\n\t<\/div>\n\t<div class=\"main-13-crypto-item\">\n\t\t<p><label for=\"website\">Website <span class=\"required\">*<\/span><\/label><br \/>\n<span class=\"wpcf7-form-control-wrap\" data-name=\"website\"><input size=\"40\" maxlength=\"400\" class=\"wpcf7-form-control wpcf7-text wpcf7-validates-as-required main-13-crypto-item-input\" aria-required=\"true\" aria-invalid=\"false\" placeholder=\"URL\/https\" value=\"\" type=\"text\" name=\"website\" \/><\/span>\n\t\t<\/p>\n\t<\/div>\n\t<div class=\"main-13-crypto-item\">\n\t\t<p><label for=\"services\">Services<\/label><br \/>\n<span class=\"wpcf7-form-control-wrap\" data-name=\"services\"><select class=\"wpcf7-form-control wpcf7-select main-13-crypto-item-input\" id=\"main-13-crypto-item-select\" aria-invalid=\"false\" name=\"services\"><option value=\"Card Issuing\">Card Issuing<\/option><option value=\"Acquiring\">Acquiring<\/option><option value=\"Payments\">Payments<\/option><\/select><\/span>\n\t\t<\/p>\n\t<\/div>\n<\/div>\n<div class=\"main-13-crypto-item-captcha\">\n<\/div>\n<div class=\"main-13-contact-form-items-submit\">\n\t<p><button type=\"submit\" class=\"main-container-top-title-btn font-medium white\">Get started<span><img decoding=\"async\" src=\"\/wp-content\/uploads\/2025\/02\/arrow-img-crypto-3.svg\" alt=\"arrow\" \/><\/span><\/button>\n\t<\/p>\n<\/div><p style=\"display: none !important;\" class=\"akismet-fields-container\" data-prefix=\"_wpcf7_ak_\"><label>&#916;<textarea name=\"_wpcf7_ak_hp_textarea\" cols=\"45\" rows=\"8\" maxlength=\"100\"><\/textarea><\/label><input type=\"hidden\" id=\"ak_js_1\" name=\"_wpcf7_ak_js\" value=\"64\"\/><script>document.getElementById( \"ak_js_1\" ).setAttribute( \"value\", ( new Date() ).getTime() );<\/script><\/p><div class=\"wpcf7-response-output\" aria-hidden=\"true\"><\/div>\n<\/form>\n<\/div>\n<\/div>\n","protected":false},"excerpt":{"rendered":"","protected":false},"author":1,"featured_media":0,"parent":0,"menu_order":0,"comment_status":"closed","ping_status":"closed","template":"templates\/page-mass-payments.php","meta":{"_acf_changed":false,"inline_featured_image":false,"footnotes":""},"class_list":["post-116950","page","type-page","status-publish","hentry"],"acf":[],"yoast_head":"<!-- This site is optimized with the Yoast SEO plugin v25.5 - https:\/\/yoast.com\/wordpress\/plugins\/seo\/ -->\n<title>Masiniai mok\u0117jimai verslui \u2014 Walletto<\/title>\n<meta name=\"description\" content=\"Walletto suteikia saugius ir efektyvius masinius mok\u0117jimus \u2014 atlikite didelius i\u0161mok\u0117jimus daugeliui gav\u0117j\u0173 vienu metu.\" \/>\n<meta name=\"robots\" content=\"index, follow, max-snippet:-1, max-image-preview:large, max-video-preview:-1\" \/>\n<link rel=\"canonical\" href=\"https:\/\/walletto.eu\/lt\/mass-payments\/\" \/>\n<meta property=\"og:locale\" content=\"lt_LT\" \/>\n<meta property=\"og:locale:alternate\" content=\"en_US\" \/>\n<meta property=\"og:type\" content=\"article\" \/>\n<meta property=\"og:title\" content=\"Masiniai mok\u0117jimai verslui \u2014 Walletto\" \/>\n<meta property=\"og:description\" content=\"Walletto suteikia saugius ir efektyvius masinius mok\u0117jimus \u2014 atlikite didelius i\u0161mok\u0117jimus daugeliui gav\u0117j\u0173 vienu metu.\" \/>\n<meta property=\"og:url\" content=\"https:\/\/walletto.eu\/lt\/mass-payments\/\" \/>\n<meta property=\"og:site_name\" content=\"Walletto\" \/>\n<meta property=\"article:modified_time\" content=\"2026-03-27T07:48:16+00:00\" \/>\n<meta name=\"twitter:card\" content=\"summary_large_image\" \/>\n<meta name=\"twitter:label1\" content=\"Est. reading time\" \/>\n\t<meta name=\"twitter:data1\" content=\"1 minut\u0117\" \/>\n<script type=\"application\/ld+json\" class=\"yoast-schema-graph\">{\"@context\":\"https:\/\/schema.org\",\"@graph\":[{\"@type\":\"WebPage\",\"@id\":\"https:\/\/walletto.eu\/mass-payments\/\",\"url\":\"https:\/\/walletto.eu\/mass-payments\/\",\"name\":\"Masiniai mok\u0117jimai verslui \u2014 Walletto\",\"isPartOf\":{\"@id\":\"https:\/\/walletto.eu\/#website\"},\"datePublished\":\"2025-07-25T08:35:00+00:00\",\"dateModified\":\"2026-03-27T07:48:16+00:00\",\"description\":\"Walletto suteikia saugius ir efektyvius masinius mok\u0117jimus \u2014 atlikite didelius i\u0161mok\u0117jimus daugeliui gav\u0117j\u0173 vienu metu.\",\"breadcrumb\":{\"@id\":\"https:\/\/walletto.eu\/mass-payments\/#breadcrumb\"},\"inLanguage\":\"lt\",\"potentialAction\":[{\"@type\":\"ReadAction\",\"target\":[\"https:\/\/walletto.eu\/mass-payments\/\"]}]},{\"@type\":\"BreadcrumbList\",\"@id\":\"https:\/\/walletto.eu\/mass-payments\/#breadcrumb\",\"itemListElement\":[{\"@type\":\"ListItem\",\"position\":1,\"name\":\"Home\",\"item\":\"https:\/\/walletto.eu\/lt\/\"},{\"@type\":\"ListItem\",\"position\":2,\"name\":\"Mass Payments\"}]},{\"@type\":\"WebSite\",\"@id\":\"https:\/\/walletto.eu\/#website\",\"url\":\"https:\/\/walletto.eu\/\",\"name\":\"Walletto\",\"description\":\"Walletto provides e-commerce acquiring, payment cards issuing and payment services\",\"potentialAction\":[{\"@type\":\"SearchAction\",\"target\":{\"@type\":\"EntryPoint\",\"urlTemplate\":\"https:\/\/walletto.eu\/?s={search_term_string}\"},\"query-input\":{\"@type\":\"PropertyValueSpecification\",\"valueRequired\":true,\"valueName\":\"search_term_string\"}}],\"inLanguage\":\"lt\"}]}<\/script>\n<!-- \/ Yoast SEO plugin. -->","yoast_head_json":{"title":"Masiniai mok\u0117jimai verslui \u2014 Walletto","description":"Walletto suteikia saugius ir efektyvius masinius mok\u0117jimus \u2014 atlikite didelius i\u0161mok\u0117jimus daugeliui gav\u0117j\u0173 vienu metu.","robots":{"index":"index","follow":"follow","max-snippet":"max-snippet:-1","max-image-preview":"max-image-preview:large","max-video-preview":"max-video-preview:-1"},"canonical":"https:\/\/walletto.eu\/lt\/mass-payments\/","og_locale":"lt_LT","og_type":"article","og_title":"[:en]Mass Payments Platform \u2014 Walletto Bulk & Batch Payouts[:lt]Masiniai mok\u0117jimai verslui \u2014 Walletto[:]","og_description":"[:en]Manage mass payments with Walletto \u2014 send bulk payouts securely and efficiently to multiple recipients at once. Fast, compliant and global.[:lt]Walletto suteikia saugius ir efektyvius masinius mok\u0117jimus \u2014 atlikite didelius i\u0161mok\u0117jimus daugeliui gav\u0117j\u0173 vienu metu.[:]","og_url":"https:\/\/walletto.eu\/lt\/mass-payments\/","og_site_name":"Walletto","article_modified_time":"2026-03-27T07:48:16+00:00","twitter_card":"summary_large_image","twitter_misc":{"Est. reading time":"1 minut\u0117"},"schema":{"@context":"https:\/\/schema.org","@graph":[{"@type":"WebPage","@id":"https:\/\/walletto.eu\/mass-payments\/","url":"https:\/\/walletto.eu\/mass-payments\/","name":"Masiniai mok\u0117jimai verslui \u2014 Walletto","isPartOf":{"@id":"https:\/\/walletto.eu\/#website"},"datePublished":"2025-07-25T08:35:00+00:00","dateModified":"2026-03-27T07:48:16+00:00","description":"Walletto suteikia saugius ir efektyvius masinius mok\u0117jimus \u2014 atlikite didelius i\u0161mok\u0117jimus daugeliui gav\u0117j\u0173 vienu metu.","breadcrumb":{"@id":"https:\/\/walletto.eu\/mass-payments\/#breadcrumb"},"inLanguage":"lt","potentialAction":[{"@type":"ReadAction","target":["https:\/\/walletto.eu\/mass-payments\/"]}]},{"@type":"BreadcrumbList","@id":"https:\/\/walletto.eu\/mass-payments\/#breadcrumb","itemListElement":[{"@type":"ListItem","position":1,"name":"Home","item":"https:\/\/walletto.eu\/lt\/"},{"@type":"ListItem","position":2,"name":"Mass Payments"}]},{"@type":"WebSite","@id":"https:\/\/walletto.eu\/#website","url":"https:\/\/walletto.eu\/","name":"Walletto","description":"Walletto provides e-commerce acquiring, payment cards issuing and payment services","potentialAction":[{"@type":"SearchAction","target":{"@type":"EntryPoint","urlTemplate":"https:\/\/walletto.eu\/?s={search_term_string}"},"query-input":{"@type":"PropertyValueSpecification","valueRequired":true,"valueName":"search_term_string"}}],"inLanguage":"lt"}]}},"_links":{"self":[{"href":"https:\/\/walletto.eu\/lt\/wp-json\/wp\/v2\/pages\/116950","targetHints":{"allow":["GET"]}}],"collection":[{"href":"https:\/\/walletto.eu\/lt\/wp-json\/wp\/v2\/pages"}],"about":[{"href":"https:\/\/walletto.eu\/lt\/wp-json\/wp\/v2\/types\/page"}],"author":[{"embeddable":true,"href":"https:\/\/walletto.eu\/lt\/wp-json\/wp\/v2\/users\/1"}],"replies":[{"embeddable":true,"href":"https:\/\/walletto.eu\/lt\/wp-json\/wp\/v2\/comments?post=116950"}],"version-history":[{"count":2,"href":"https:\/\/walletto.eu\/lt\/wp-json\/wp\/v2\/pages\/116950\/revisions"}],"predecessor-version":[{"id":135541,"href":"https:\/\/walletto.eu\/lt\/wp-json\/wp\/v2\/pages\/116950\/revisions\/135541"}],"wp:attachment":[{"href":"https:\/\/walletto.eu\/lt\/wp-json\/wp\/v2\/media?parent=116950"}],"curies":[{"name":"wp","href":"https:\/\/api.w.org\/{rel}","templated":true}]}}