{"id":2360,"date":"2023-04-14T12:06:35","date_gmt":"2023-04-14T10:06:35","guid":{"rendered":"https:\/\/walletto.eu\/?page_id=2360"},"modified":"2025-04-28T15:25:43","modified_gmt":"2025-04-28T13:25:43","slug":"important-information","status":"publish","type":"page","link":"https:\/\/walletto.eu\/lt\/important-information\/","title":{"rendered":"Svarbi informacija"},"content":{"rendered":"\n<div class=\"wp-block-group terms-page-iner f18-140 grey-medium terms-page-item terms-page-item-group\"><div class=\"wp-block-group__inner-container is-layout-constrained wp-block-group-is-layout-constrained\">\n<div class=\"wp-block-group\"><div class=\"wp-block-group__inner-container is-layout-constrained wp-block-group-is-layout-constrained\">\n<h3 class=\"wp-block-heading\">Bendrosios sutarties s\u0105lygos<\/h3>\n\n\n\n<ul class=\"wp-block-list\">\n<li><a href=\"\/lt\/terms-and-conditions\" target=\"_blank\" rel=\"noreferrer noopener\">Aktuali versija<\/a><\/li>\n\n\n\n<li>Ankstesn\u0117 versija:\n<ul class=\"wp-block-list\">\n<li><a href=\"https:\/\/walletto.eu\/wp-content\/uploads\/2023\/11\/GENERAL-TERMS-AND-CONDITIONS-2023-10-LT.pdf\">B<\/a><a href=\"\/wp-content\/uploads\/2023\/11\/GENERAL-TERMS-AND-CONDITIONS-2023-10-LT.pdf\" target=\"_blank\" rel=\"noreferrer noopener\">endrosios sutarties s\u0105lygos galiojo iki 06.05.2024<\/a><\/li>\n\n\n\n<li><a href=\"\/wp-content\/uploads\/2023\/10\/GENERAL-TERMS-AND-CONDITIONS-2023-10-LT.pdf\" target=\"_blank\" rel=\"noreferrer noopener\">Bendrosios sutarties s\u0105lygos galiojo iki 10.10.2023<\/a><\/li>\n\n\n\n<li><a href=\"\/wp-content\/uploads\/2023\/04\/Terms-Conditions-from-1st-of-June-2019.pdf\" target=\"_blank\" rel=\"noreferrer noopener\">Bendrosios sutarties s\u0105lygos galiojo iki 05.05.2022<\/a><\/li>\n<\/ul>\n<\/li>\n\n\n\n<li>Papildomi dokumentai:\n<ul class=\"wp-block-list\">\n<li><a href=\"\/wp-content\/uploads\/2024\/05\/Mokejimo_korteliu_salygos_2024.05.pdf\" target=\"_blank\" rel=\"noreferrer noopener\">Mok\u0117jimo korteli\u0173 s\u0105lygos<\/a><\/li>\n\n\n\n<li><a href=\"\/wp-content\/uploads\/2024\/05\/Mokejimo_paslaugu_salygos_-2024.05.pdf\" target=\"_blank\" rel=\"noreferrer noopener\">Mok\u0117jimo paslaug\u0173 teikimo s\u0105lygos<\/a><\/li>\n\n\n\n<li><a href=\"\/wp-content\/uploads\/2023\/11\/TERMS-AND-CONDITIONS-OF-ACQUIRING-2023-10-LT.pdf\" target=\"_blank\" rel=\"noreferrer noopener\">Mok\u0117jimo surinkim\u0173 paslaugos teikimo s\u0105lygos<\/a><\/li>\n<\/ul>\n<\/li>\n\n\n\n<li>Ankstesn\u0117 versija:\n<ul class=\"wp-block-list\">\n<li><a href=\"\/wp-content\/uploads\/2023\/11\/TERMS-AND-CONDITIONS-OF-PAYMENT-CARDS-2023-10-LT.pdf\" target=\"_blank\" rel=\"noreferrer noopener\">Mok\u0117jimo korteli\u0173 s\u0105lygos iki 06.05.2024<\/a><\/li>\n\n\n\n<li><a href=\"\/wp-content\/uploads\/2023\/11\/TERMS-AND-CONDITIONS-OF-PAYMENT-SERVICES-2023-10-LT.pdf\" target=\"_blank\" rel=\"noreferrer noopener\">Mok\u0117jimo paslaug\u0173 teikimo s\u0105lygos iki 06.05.2024<\/a><\/li>\n<\/ul>\n<\/li>\n<\/ul>\n\n\n\n<h3 class=\"wp-block-heading\">Privatumo politika<\/h3>\n\n\n\n<ul class=\"wp-block-list\">\n<li><a href=\"\/lt\/privacy-policy\" data-type=\"URL\" data-id=\"\/lt\/privacy-policy\" target=\"_blank\" rel=\"noreferrer noopener\">Aktuali versija<\/a><\/li>\n<\/ul>\n\n\n\n<h3 class=\"wp-block-heading\">Slapuk\u0173 politika<\/h3>\n\n\n\n<ul class=\"wp-block-list\">\n<li><a rel=\"noreferrer noopener\" href=\"\/lt\/cookie-policy\" target=\"_blank\">Aktuali versija<\/a><\/li>\n<\/ul>\n\n\n\n<h3 class=\"wp-block-heading\">Pretenzij\u0173 nagrin\u0117jimas<\/h3>\n\n\n\n<ul class=\"wp-block-list\">\n<li><a href=\"\/lt\/complaints-policy\" target=\"_blank\" rel=\"noreferrer noopener\">Aktuali versija<\/a><\/li>\n<\/ul>\n\n\n\n<h3 class=\"wp-block-heading\">Kita informacija<\/h3>\n\n\n\n<ul class=\"wp-block-list\">\n<li><a href=\"\/wp-content\/uploads\/2023\/04\/leaflet-your-rights-payments-eu_en.pdf\" target=\"_blank\" rel=\"noreferrer noopener\">Informacija vartotojams apie j\u0173 teis\u0117s, vadovaujantis Lietuvos Respublikos mok\u0117jim\u0173 \u012fstatymo 28 str.<\/a><\/li>\n\n\n\n<li><a href=\"\/wp-content\/uploads\/2024\/01\/Pazink-savo-klienta-2023.pdf\" target=\"_blank\" rel=\"noreferrer noopener\">Informacija klientams apie princip\u0105 \u201ePa\u017eink savo Klient\u0105&#8221;<\/a><\/li>\n<\/ul>\n\n\n\n<h3 class=\"wp-block-heading\">Forbidden Actions &#038; Countries<\/h3>\n\n\n\n<ul class=\"wp-block-list\">\n<li><a href=\"\/lt\/terms-and-conditions#prohibited-activities\" target=\"_blank\" rel=\"noreferrer noopener\">Aktuali versija<\/a><\/li>\n\n\n\n<li><a href=\"\/lt\/prohibited-activity-list\/\" target=\"_blank\" rel=\"noreferrer noopener\">Ankstesn\u0117 versija<\/a><\/li>\n<\/ul>\n<\/div><\/div>\n<\/div><\/div>\n","protected":false},"excerpt":{"rendered":"<p>Bendrosios sutarties s\u0105lygos Privatumo politika Slapuk\u0173 politika Pretenzij\u0173 nagrin\u0117jimas Kita informacija Forbidden Actions &#038; Countries<\/p>\n","protected":false},"author":1,"featured_media":0,"parent":0,"menu_order":0,"comment_status":"closed","ping_status":"closed","template":"","meta":{"_acf_changed":false,"inline_featured_image":false,"footnotes":""},"class_list":["post-2360","page","type-page","status-publish","hentry"],"acf":[],"yoast_head":"<!-- This site is optimized with the Yoast SEO plugin v25.5 - https:\/\/yoast.com\/wordpress\/plugins\/seo\/ -->\n<title>Walletto | Svarbi informacija<\/title>\n<meta name=\"description\" content=\"Stay informed about key policies, financial regulations, and essential updates for users and your businesses.\" \/>\n<meta name=\"robots\" content=\"index, follow, max-snippet:-1, max-image-preview:large, max-video-preview:-1\" \/>\n<link rel=\"canonical\" href=\"https:\/\/walletto.eu\/lt\/important-information\/\" \/>\n<meta property=\"og:locale\" content=\"lt_LT\" \/>\n<meta property=\"og:locale:alternate\" content=\"en_US\" \/>\n<meta property=\"og:type\" content=\"article\" \/>\n<meta property=\"og:title\" content=\"Walletto | Svarbi informacija\" \/>\n<meta property=\"og:description\" content=\"Stay informed about key policies, financial regulations, and essential updates for users and your businesses.\" \/>\n<meta property=\"og:url\" content=\"https:\/\/walletto.eu\/lt\/important-information\/\" \/>\n<meta property=\"og:site_name\" content=\"Walletto\" \/>\n<meta property=\"article:modified_time\" content=\"2025-04-28T13:25:43+00:00\" \/>\n<meta property=\"og:image\" content=\"https:\/\/walletto.eu\/wp-content\/uploads\/2025\/04\/logo_1200x630.webp\" \/>\n\t<meta property=\"og:image:width\" content=\"994\" \/>\n\t<meta property=\"og:image:height\" content=\"522\" \/>\n\t<meta property=\"og:image:type\" content=\"image\/png\" \/>\n<meta name=\"twitter:card\" content=\"summary_large_image\" \/>\n<meta name=\"twitter:label1\" content=\"Est. reading time\" \/>\n\t<meta name=\"twitter:data1\" content=\"1 minut\u0117\" \/>\n<script type=\"application\/ld+json\" class=\"yoast-schema-graph\">{\"@context\":\"https:\/\/schema.org\",\"@graph\":[{\"@type\":\"WebPage\",\"@id\":\"https:\/\/walletto.eu\/important-information\/\",\"url\":\"https:\/\/walletto.eu\/important-information\/\",\"name\":\"Walletto | Svarbi informacija\",\"isPartOf\":{\"@id\":\"https:\/\/walletto.eu\/#website\"},\"datePublished\":\"2023-04-14T10:06:35+00:00\",\"dateModified\":\"2025-04-28T13:25:43+00:00\",\"description\":\"Stay informed about key policies, financial regulations, and essential updates for users and your businesses.\",\"breadcrumb\":{\"@id\":\"https:\/\/walletto.eu\/important-information\/#breadcrumb\"},\"inLanguage\":\"lt\",\"potentialAction\":[{\"@type\":\"ReadAction\",\"target\":[\"https:\/\/walletto.eu\/important-information\/\"]}]},{\"@type\":\"BreadcrumbList\",\"@id\":\"https:\/\/walletto.eu\/important-information\/#breadcrumb\",\"itemListElement\":[{\"@type\":\"ListItem\",\"position\":1,\"name\":\"Home\",\"item\":\"https:\/\/walletto.eu\/lt\/\"},{\"@type\":\"ListItem\",\"position\":2,\"name\":\"Important Information\"}]},{\"@type\":\"WebSite\",\"@id\":\"https:\/\/walletto.eu\/#website\",\"url\":\"https:\/\/walletto.eu\/\",\"name\":\"Walletto\",\"description\":\"Walletto provides e-commerce acquiring, payment cards issuing and payment services\",\"potentialAction\":[{\"@type\":\"SearchAction\",\"target\":{\"@type\":\"EntryPoint\",\"urlTemplate\":\"https:\/\/walletto.eu\/?s={search_term_string}\"},\"query-input\":{\"@type\":\"PropertyValueSpecification\",\"valueRequired\":true,\"valueName\":\"search_term_string\"}}],\"inLanguage\":\"lt\"}]}<\/script>\n<!-- \/ Yoast SEO plugin. -->","yoast_head_json":{"title":"Walletto | Svarbi informacija","description":"Stay informed about key policies, financial regulations, and essential updates for users and your businesses.","robots":{"index":"index","follow":"follow","max-snippet":"max-snippet:-1","max-image-preview":"max-image-preview:large","max-video-preview":"max-video-preview:-1"},"canonical":"https:\/\/walletto.eu\/lt\/important-information\/","og_locale":"lt_LT","og_type":"article","og_title":"[:en]Walletto | Important Information[:lt]Walletto | Svarbi informacija[:]","og_description":"[:en]Stay informed about key policies, financial regulations, and essential updates for users and your businesses.[:]","og_url":"https:\/\/walletto.eu\/lt\/important-information\/","og_site_name":"Walletto","article_modified_time":"2025-04-28T13:25:43+00:00","og_image":[{"width":994,"height":522,"url":"https:\/\/walletto.eu\/wp-content\/uploads\/2025\/04\/logo_1200x630.webp","type":"image\/png"}],"twitter_card":"summary_large_image","twitter_misc":{"Est. reading time":"1 minut\u0117"},"schema":{"@context":"https:\/\/schema.org","@graph":[{"@type":"WebPage","@id":"https:\/\/walletto.eu\/important-information\/","url":"https:\/\/walletto.eu\/important-information\/","name":"Walletto | Svarbi informacija","isPartOf":{"@id":"https:\/\/walletto.eu\/#website"},"datePublished":"2023-04-14T10:06:35+00:00","dateModified":"2025-04-28T13:25:43+00:00","description":"Stay informed about key policies, financial regulations, and essential updates for users and your businesses.","breadcrumb":{"@id":"https:\/\/walletto.eu\/important-information\/#breadcrumb"},"inLanguage":"lt","potentialAction":[{"@type":"ReadAction","target":["https:\/\/walletto.eu\/important-information\/"]}]},{"@type":"BreadcrumbList","@id":"https:\/\/walletto.eu\/important-information\/#breadcrumb","itemListElement":[{"@type":"ListItem","position":1,"name":"Home","item":"https:\/\/walletto.eu\/lt\/"},{"@type":"ListItem","position":2,"name":"Important Information"}]},{"@type":"WebSite","@id":"https:\/\/walletto.eu\/#website","url":"https:\/\/walletto.eu\/","name":"Walletto","description":"Walletto provides e-commerce acquiring, payment cards issuing and payment services","potentialAction":[{"@type":"SearchAction","target":{"@type":"EntryPoint","urlTemplate":"https:\/\/walletto.eu\/?s={search_term_string}"},"query-input":{"@type":"PropertyValueSpecification","valueRequired":true,"valueName":"search_term_string"}}],"inLanguage":"lt"}]}},"_links":{"self":[{"href":"https:\/\/walletto.eu\/lt\/wp-json\/wp\/v2\/pages\/2360","targetHints":{"allow":["GET"]}}],"collection":[{"href":"https:\/\/walletto.eu\/lt\/wp-json\/wp\/v2\/pages"}],"about":[{"href":"https:\/\/walletto.eu\/lt\/wp-json\/wp\/v2\/types\/page"}],"author":[{"embeddable":true,"href":"https:\/\/walletto.eu\/lt\/wp-json\/wp\/v2\/users\/1"}],"replies":[{"embeddable":true,"href":"https:\/\/walletto.eu\/lt\/wp-json\/wp\/v2\/comments?post=2360"}],"version-history":[{"count":1,"href":"https:\/\/walletto.eu\/lt\/wp-json\/wp\/v2\/pages\/2360\/revisions"}],"predecessor-version":[{"id":86194,"href":"https:\/\/walletto.eu\/lt\/wp-json\/wp\/v2\/pages\/2360\/revisions\/86194"}],"wp:attachment":[{"href":"https:\/\/walletto.eu\/lt\/wp-json\/wp\/v2\/media?parent=2360"}],"curies":[{"name":"wp","href":"https:\/\/api.w.org\/{rel}","templated":true}]}}