{"id":50,"date":"2023-02-10T14:40:04","date_gmt":"2023-02-10T12:40:04","guid":{"rendered":"https:\/\/walletto.eu\/?page_id=50"},"modified":"2025-12-22T19:26:36","modified_gmt":"2025-12-22T17:26:36","slug":"complaints-policy","status":"publish","type":"page","link":"https:\/\/walletto.eu\/lt\/complaints-policy\/","title":{"rendered":"Pretenzij\u0173 nagrin\u0117jimas"},"content":{"rendered":"","protected":false},"excerpt":{"rendered":"","protected":false},"author":1,"featured_media":0,"parent":0,"menu_order":0,"comment_status":"closed","ping_status":"closed","template":"templates\/page-complaints-policy.php","meta":{"_acf_changed":false,"inline_featured_image":false,"footnotes":""},"class_list":["post-50","page","type-page","status-publish","hentry"],"acf":[],"yoast_head":"<!-- This site is optimized with the Yoast SEO plugin v25.5 - https:\/\/yoast.com\/wordpress\/plugins\/seo\/ -->\n<title>Skund\u0173 politika | Walletto<\/title>\n<meta name=\"description\" content=\"Susipa\u017einkite su Walletto skund\u0173 politika. Su\u017einokite, kaip pateikti skund\u0105 ir kaip u\u017etikriname s\u0105\u017eining\u0105, skaidr\u0173 ir savalaik\u012f nagrin\u0117jim\u0105.\" \/>\n<meta name=\"robots\" content=\"index, follow, max-snippet:-1, max-image-preview:large, max-video-preview:-1\" \/>\n<link rel=\"canonical\" href=\"https:\/\/walletto.eu\/lt\/complaints-policy\/\" \/>\n<meta property=\"og:locale\" content=\"lt_LT\" \/>\n<meta property=\"og:locale:alternate\" content=\"en_US\" \/>\n<meta property=\"og:type\" content=\"article\" \/>\n<meta property=\"og:title\" content=\"Skund\u0173 politika | Walletto\" \/>\n<meta property=\"og:description\" content=\"Susipa\u017einkite su Walletto skund\u0173 politika. Su\u017einokite, kaip pateikti skund\u0105 ir kaip u\u017etikriname s\u0105\u017eining\u0105, skaidr\u0173 ir savalaik\u012f nagrin\u0117jim\u0105.\" \/>\n<meta property=\"og:url\" content=\"https:\/\/walletto.eu\/lt\/complaints-policy\/\" \/>\n<meta property=\"og:site_name\" content=\"Walletto\" \/>\n<meta property=\"article:modified_time\" content=\"2025-12-22T17:26:36+00:00\" \/>\n<meta property=\"og:image\" content=\"https:\/\/walletto.eu\/wp-content\/uploads\/2025\/04\/logo_1200x630.webp\" \/>\n\t<meta property=\"og:image:width\" content=\"994\" \/>\n\t<meta property=\"og:image:height\" content=\"522\" \/>\n\t<meta property=\"og:image:type\" content=\"image\/png\" \/>\n<meta name=\"twitter:card\" content=\"summary_large_image\" \/>\n<script type=\"application\/ld+json\" class=\"yoast-schema-graph\">{\"@context\":\"https:\/\/schema.org\",\"@graph\":[{\"@type\":\"WebPage\",\"@id\":\"https:\/\/walletto.eu\/complaints-policy\/\",\"url\":\"https:\/\/walletto.eu\/complaints-policy\/\",\"name\":\"Skund\u0173 politika | Walletto\",\"isPartOf\":{\"@id\":\"https:\/\/walletto.eu\/#website\"},\"datePublished\":\"2023-02-10T12:40:04+00:00\",\"dateModified\":\"2025-12-22T17:26:36+00:00\",\"description\":\"Susipa\u017einkite su Walletto skund\u0173 politika. Su\u017einokite, kaip pateikti skund\u0105 ir kaip u\u017etikriname s\u0105\u017eining\u0105, skaidr\u0173 ir savalaik\u012f nagrin\u0117jim\u0105.\",\"breadcrumb\":{\"@id\":\"https:\/\/walletto.eu\/complaints-policy\/#breadcrumb\"},\"inLanguage\":\"lt\",\"potentialAction\":[{\"@type\":\"ReadAction\",\"target\":[\"https:\/\/walletto.eu\/complaints-policy\/\"]}]},{\"@type\":\"BreadcrumbList\",\"@id\":\"https:\/\/walletto.eu\/complaints-policy\/#breadcrumb\",\"itemListElement\":[{\"@type\":\"ListItem\",\"position\":1,\"name\":\"Home\",\"item\":\"https:\/\/walletto.eu\/lt\/\"},{\"@type\":\"ListItem\",\"position\":2,\"name\":\"Complaints Policy\"}]},{\"@type\":\"WebSite\",\"@id\":\"https:\/\/walletto.eu\/#website\",\"url\":\"https:\/\/walletto.eu\/\",\"name\":\"Walletto\",\"description\":\"Walletto provides e-commerce acquiring, payment cards issuing and payment services\",\"potentialAction\":[{\"@type\":\"SearchAction\",\"target\":{\"@type\":\"EntryPoint\",\"urlTemplate\":\"https:\/\/walletto.eu\/?s={search_term_string}\"},\"query-input\":{\"@type\":\"PropertyValueSpecification\",\"valueRequired\":true,\"valueName\":\"search_term_string\"}}],\"inLanguage\":\"lt\"}]}<\/script>\n<!-- \/ Yoast SEO plugin. -->","yoast_head_json":{"title":"Skund\u0173 politika | Walletto","description":"Susipa\u017einkite su Walletto skund\u0173 politika. Su\u017einokite, kaip pateikti skund\u0105 ir kaip u\u017etikriname s\u0105\u017eining\u0105, skaidr\u0173 ir savalaik\u012f nagrin\u0117jim\u0105.","robots":{"index":"index","follow":"follow","max-snippet":"max-snippet:-1","max-image-preview":"max-image-preview:large","max-video-preview":"max-video-preview:-1"},"canonical":"https:\/\/walletto.eu\/lt\/complaints-policy\/","og_locale":"lt_LT","og_type":"article","og_title":"[:en]Complaints Policy | Walletto[:lt]Skund\u0173 politika | Walletto[:]","og_description":"[:en]Learn how to submit a complaint and how we ensure a fair, transparent and timely resolution process for all customers.[:lt]Susipa\u017einkite su Walletto skund\u0173 politika. Su\u017einokite, kaip pateikti skund\u0105 ir kaip u\u017etikriname s\u0105\u017eining\u0105, skaidr\u0173 ir savalaik\u012f nagrin\u0117jim\u0105.[:]","og_url":"https:\/\/walletto.eu\/lt\/complaints-policy\/","og_site_name":"Walletto","article_modified_time":"2025-12-22T17:26:36+00:00","og_image":[{"width":994,"height":522,"url":"https:\/\/walletto.eu\/wp-content\/uploads\/2025\/04\/logo_1200x630.webp","type":"image\/png"}],"twitter_card":"summary_large_image","schema":{"@context":"https:\/\/schema.org","@graph":[{"@type":"WebPage","@id":"https:\/\/walletto.eu\/complaints-policy\/","url":"https:\/\/walletto.eu\/complaints-policy\/","name":"Skund\u0173 politika | Walletto","isPartOf":{"@id":"https:\/\/walletto.eu\/#website"},"datePublished":"2023-02-10T12:40:04+00:00","dateModified":"2025-12-22T17:26:36+00:00","description":"Susipa\u017einkite su Walletto skund\u0173 politika. Su\u017einokite, kaip pateikti skund\u0105 ir kaip u\u017etikriname s\u0105\u017eining\u0105, skaidr\u0173 ir savalaik\u012f nagrin\u0117jim\u0105.","breadcrumb":{"@id":"https:\/\/walletto.eu\/complaints-policy\/#breadcrumb"},"inLanguage":"lt","potentialAction":[{"@type":"ReadAction","target":["https:\/\/walletto.eu\/complaints-policy\/"]}]},{"@type":"BreadcrumbList","@id":"https:\/\/walletto.eu\/complaints-policy\/#breadcrumb","itemListElement":[{"@type":"ListItem","position":1,"name":"Home","item":"https:\/\/walletto.eu\/lt\/"},{"@type":"ListItem","position":2,"name":"Complaints Policy"}]},{"@type":"WebSite","@id":"https:\/\/walletto.eu\/#website","url":"https:\/\/walletto.eu\/","name":"Walletto","description":"Walletto provides e-commerce acquiring, payment cards issuing and payment services","potentialAction":[{"@type":"SearchAction","target":{"@type":"EntryPoint","urlTemplate":"https:\/\/walletto.eu\/?s={search_term_string}"},"query-input":{"@type":"PropertyValueSpecification","valueRequired":true,"valueName":"search_term_string"}}],"inLanguage":"lt"}]}},"_links":{"self":[{"href":"https:\/\/walletto.eu\/lt\/wp-json\/wp\/v2\/pages\/50","targetHints":{"allow":["GET"]}}],"collection":[{"href":"https:\/\/walletto.eu\/lt\/wp-json\/wp\/v2\/pages"}],"about":[{"href":"https:\/\/walletto.eu\/lt\/wp-json\/wp\/v2\/types\/page"}],"author":[{"embeddable":true,"href":"https:\/\/walletto.eu\/lt\/wp-json\/wp\/v2\/users\/1"}],"replies":[{"embeddable":true,"href":"https:\/\/walletto.eu\/lt\/wp-json\/wp\/v2\/comments?post=50"}],"version-history":[{"count":4,"href":"https:\/\/walletto.eu\/lt\/wp-json\/wp\/v2\/pages\/50\/revisions"}],"predecessor-version":[{"id":135790,"href":"https:\/\/walletto.eu\/lt\/wp-json\/wp\/v2\/pages\/50\/revisions\/135790"}],"wp:attachment":[{"href":"https:\/\/walletto.eu\/lt\/wp-json\/wp\/v2\/media?parent=50"}],"curies":[{"name":"wp","href":"https:\/\/api.w.org\/{rel}","templated":true}]}}